{"id":48,"date":"2022-02-12T16:18:45","date_gmt":"2022-02-12T16:18:45","guid":{"rendered":"http:\/\/www.mtkmuhendislik.com\/?page_id=48"},"modified":"2022-02-14T11:35:57","modified_gmt":"2022-02-14T11:35:57","slug":"iletisim","status":"publish","type":"page","link":"http:\/\/www.mtkmuhendislik.com\/?page_id=48","title":{"rendered":"\u0130leti\u015fim"},"content":{"rendered":"\n<p class=\"has-text-align-center\">Mehmet AKBULUT \/ Elektrik M\u00fchendisi<\/p>\n\n\n\n<p class=\"has-text-align-center\">So\u011fanl\u0131k Yeni Mah.Peyami Safa Sok.\u00c7a\u011fda\u015f Sitesi B.Blok No:20 D:22 Kartal \/ \u0130stanbul \u2013 T\u00dcRK\u0130YE<br>+90 532 363 00 64 <\/p>\n\n\n\n<p class=\"has-text-align-center\">Mehmetakbulut62@hotmail.com<\/p>\n\n\n\n<p class=\"has-text-align-center\">info@mtkmuhendislik.com<\/p>\n","protected":false},"excerpt":{"rendered":"<p>Mehmet AKBULUT \/ Elektrik M\u00fchendisi So\u011fanl\u0131k Yeni Mah.Peyami Safa Sok.\u00c7a\u011fda\u015f Sitesi B.Blok No:20 D:22 Kartal \/ \u0130stanbul \u2013 T\u00dcRK\u0130YE+90 532 363 00 64 Mehmetakbulut62@hotmail.com info@mtkmuhendislik.com<\/p>\n","protected":false},"author":1,"featured_media":0,"parent":0,"menu_order":0,"comment_status":"closed","ping_status":"closed","template":"","meta":[],"_links":{"self":[{"href":"http:\/\/www.mtkmuhendislik.com\/index.php?rest_route=\/wp\/v2\/pages\/48"}],"collection":[{"href":"http:\/\/www.mtkmuhendislik.com\/index.php?rest_route=\/wp\/v2\/pages"}],"about":[{"href":"http:\/\/www.mtkmuhendislik.com\/index.php?rest_route=\/wp\/v2\/types\/page"}],"author":[{"embeddable":true,"href":"http:\/\/www.mtkmuhendislik.com\/index.php?rest_route=\/wp\/v2\/users\/1"}],"replies":[{"embeddable":true,"href":"http:\/\/www.mtkmuhendislik.com\/index.php?rest_route=%2Fwp%2Fv2%2Fcomments&post=48"}],"version-history":[{"count":4,"href":"http:\/\/www.mtkmuhendislik.com\/index.php?rest_route=\/wp\/v2\/pages\/48\/revisions"}],"predecessor-version":[{"id":134,"href":"http:\/\/www.mtkmuhendislik.com\/index.php?rest_route=\/wp\/v2\/pages\/48\/revisions\/134"}],"wp:attachment":[{"href":"http:\/\/www.mtkmuhendislik.com\/index.php?rest_route=%2Fwp%2Fv2%2Fmedia&parent=48"}],"curies":[{"name":"wp","href":"https:\/\/api.w.org\/{rel}","templated":true}]}}